{"id":70,"date":"2024-10-22T14:34:09","date_gmt":"2024-10-22T14:34:09","guid":{"rendered":"https:\/\/10orderstattoo.com\/?page_id=70"},"modified":"2024-10-22T20:33:32","modified_gmt":"2024-10-22T20:33:32","slug":"about","status":"publish","type":"page","link":"https:\/\/10orderstattoo.com\/fr\/about\/","title":{"rendered":"\u00c0 PROPOS"},"content":{"rendered":"<div data-elementor-type=\"wp-page\" data-elementor-id=\"70\" class=\"elementor elementor-70\" data-elementor-post-type=\"page\">\n\t\t\t\t<div class=\"elementor-element elementor-element-5ad02c2 e-flex e-con-boxed e-con e-parent\" data-id=\"5ad02c2\" data-element_type=\"container\">\n\t\t\t\t\t<div class=\"e-con-inner\">\n\t\t<div class=\"elementor-element elementor-element-637023f e-con-full e-flex e-con e-child\" data-id=\"637023f\" data-element_type=\"container\">\n\t\t\t\t<div class=\"elementor-element elementor-element-c7dae62 elementor-widget elementor-widget-text-editor\" data-id=\"c7dae62\" data-element_type=\"widget\" data-widget_type=\"text-editor.default\">\n\t\t\t\t<div class=\"elementor-widget-container\">\n\t\t\t\t\t\t\t\t\t<p>Bienvenue dans mon univers, je suis un artiste tatoueur de 31 ans. Dans le milieu du tatouage depuis 2015, j\u2019ai commenc\u00e9 \u00e0 tatouer en 2017. Avant \u00e7a, j'ai \u00e9tudi\u00e9 le graphisme, ce qui m'a naturellement conduit vers la pratique du tatouage.<\/p><p>J'aime cr\u00e9er des designs qui fusionnent nature et ornement, en \u00e9quilibrant la g\u00e9om\u00e9trie et les \u00e9l\u00e9ments naturels pour offrir des pi\u00e8ces uniques et modernes. Que ce soit pour de grandes ou petites compositions corporelles, je cherche toujours \u00e0 harmoniser le corps avec l'art. Mes inspirations viennent de la nature, de l'architecture et du symbolisme, et chaque cr\u00e9ation refl\u00e8te une approche artistique d\u00e9taill\u00e9e et personnelle.<\/p>\t\t\t\t\t\t\t\t<\/div>\n\t\t\t\t<\/div>\n\t\t\t\t<\/div>\n\t\t<div class=\"elementor-element elementor-element-7d56628 e-con-full e-flex e-con e-child\" data-id=\"7d56628\" data-element_type=\"container\" data-settings=\"{&quot;background_background&quot;:&quot;slideshow&quot;,&quot;background_slideshow_gallery&quot;:[{&quot;id&quot;:107,&quot;url&quot;:&quot;https:\\\/\\\/10orderstattoo.com\\\/wp-content\\\/uploads\\\/2024\\\/10\\\/Screenshot-2024-10-23-014829.jpg&quot;},{&quot;id&quot;:61,&quot;url&quot;:&quot;https:\\\/\\\/10orderstattoo.com\\\/wp-content\\\/uploads\\\/2024\\\/10\\\/Screenshot-2024-10-21-205321.jpg&quot;},{&quot;id&quot;:60,&quot;url&quot;:&quot;https:\\\/\\\/10orderstattoo.com\\\/wp-content\\\/uploads\\\/2024\\\/10\\\/Screenshot-2024-10-21-205305.jpg&quot;},{&quot;id&quot;:59,&quot;url&quot;:&quot;https:\\\/\\\/10orderstattoo.com\\\/wp-content\\\/uploads\\\/2024\\\/10\\\/Screenshot-2024-10-21-205243.jpg&quot;}],&quot;background_slideshow_slide_duration&quot;:7000,&quot;background_slideshow_transition_duration&quot;:2000,&quot;background_slideshow_loop&quot;:&quot;yes&quot;,&quot;background_slideshow_slide_transition&quot;:&quot;fade&quot;}\">\n\t\t\t\t<div class=\"elementor-element elementor-element-0a79116 elementor-widget elementor-widget-spacer\" data-id=\"0a79116\" data-element_type=\"widget\" data-widget_type=\"spacer.default\">\n\t\t\t\t<div class=\"elementor-widget-container\">\n\t\t\t\t\t\t\t<div class=\"elementor-spacer\">\n\t\t\t<div class=\"elementor-spacer-inner\"><\/div>\n\t\t<\/div>\n\t\t\t\t\t\t<\/div>\n\t\t\t\t<\/div>\n\t\t\t\t<\/div>\n\t\t\t\t\t<\/div>\n\t\t\t\t<\/div>\n\t\t\t\t<\/div>","protected":false},"excerpt":{"rendered":"<p>Welcome to my world. I am a 31-year-old tattoo artist. I\u2019ve been involved in the tattoo industry since 2015 and began tattooing in 2017. Before that, I studied graphic design, which naturally led me to pursue tattooing. I enjoy creating designs that blend nature with ornamental elements, balancing geometry and natural motifs to offer unique [&hellip;]<\/p>","protected":false},"author":1,"featured_media":0,"parent":0,"menu_order":0,"comment_status":"closed","ping_status":"closed","template":"elementor_header_footer","meta":{"footnotes":""},"class_list":["post-70","page","type-page","status-publish","hentry"],"_links":{"self":[{"href":"https:\/\/10orderstattoo.com\/fr\/wp-json\/wp\/v2\/pages\/70"}],"collection":[{"href":"https:\/\/10orderstattoo.com\/fr\/wp-json\/wp\/v2\/pages"}],"about":[{"href":"https:\/\/10orderstattoo.com\/fr\/wp-json\/wp\/v2\/types\/page"}],"author":[{"embeddable":true,"href":"https:\/\/10orderstattoo.com\/fr\/wp-json\/wp\/v2\/users\/1"}],"replies":[{"embeddable":true,"href":"https:\/\/10orderstattoo.com\/fr\/wp-json\/wp\/v2\/comments?post=70"}],"version-history":[{"count":0,"href":"https:\/\/10orderstattoo.com\/fr\/wp-json\/wp\/v2\/pages\/70\/revisions"}],"wp:attachment":[{"href":"https:\/\/10orderstattoo.com\/fr\/wp-json\/wp\/v2\/media?parent=70"}],"curies":[{"name":"wp","href":"https:\/\/api.w.org\/{rel}","templated":true}]}}